{"id":11,"date":"2021-05-09T20:42:17","date_gmt":"2021-05-09T18:42:17","guid":{"rendered":"http:\/\/franzshop.relight.agency\/?post_type=product&#038;p=11"},"modified":"2021-08-12T08:10:51","modified_gmt":"2021-08-12T06:10:51","slug":"akademie-fuer-hundegesundheit","status":"publish","type":"product","link":"https:\/\/franzshop.relight.agency\/index.php\/produkt\/akademie-fuer-hundegesundheit\/","title":{"rendered":"Akademie f\u00fcr Hundegesundheit"},"content":{"rendered":"<p>[et_pb_section fb_built=&#8220;1&#8243; _builder_version=&#8220;3.22&#8243; custom_padding=&#8220;0px||||false|false&#8220;][et_pb_row _builder_version=&#8220;3.25&#8243; background_size=&#8220;initial&#8220; background_position=&#8220;top_left&#8220; background_repeat=&#8220;repeat&#8220; width=&#8220;100%&#8220; custom_padding=&#8220;0px||0px||false|false&#8220;][et_pb_column type=&#8220;4_4&#8243; _builder_version=&#8220;3.25&#8243; custom_padding=&#8220;|||&#8220; custom_padding__hover=&#8220;|||&#8220;][et_pb_wc_breadcrumb _builder_version=&#8220;3.0.47&#8243;][\/et_pb_wc_breadcrumb][et_pb_wc_cart_notice _builder_version=&#8220;3.0.47&#8243;][\/et_pb_wc_cart_notice][\/et_pb_column][\/et_pb_row][et_pb_row column_structure=&#8220;2_5,3_5&#8243; _builder_version=&#8220;3.25&#8243; background_size=&#8220;initial&#8220; background_position=&#8220;top_left&#8220; background_repeat=&#8220;repeat&#8220; width=&#8220;100%&#8220; custom_padding=&#8220;0px||||false|false&#8220;][et_pb_column type=&#8220;2_5&#8243; _builder_version=&#8220;3.25&#8243; custom_padding=&#8220;|||&#8220; custom_padding__hover=&#8220;|||&#8220;][et_pb_image src=&#8220;http:\/\/franzshop.relight.agency\/wp-content\/uploads\/2021\/05\/Group-31.png&#8220; title_text=&#8220;Group 31&#8243; _builder_version=&#8220;4.9.4&#8243; _module_preset=&#8220;default&#8220;][\/et_pb_image][\/et_pb_column][et_pb_column type=&#8220;3_5&#8243; _builder_version=&#8220;3.25&#8243; custom_padding=&#8220;|||&#8220; custom_padding__hover=&#8220;|||&#8220;][et_pb_wc_title _builder_version=&#8220;3.0.47&#8243;][\/et_pb_wc_title][et_pb_wc_rating disabled_on=&#8220;on|on|on&#8220; _builder_version=&#8220;4.9.4&#8243; disabled=&#8220;on&#8220;][\/et_pb_wc_rating][et_pb_text _builder_version=&#8220;4.9.4&#8243; _module_preset=&#8220;default&#8220;]<\/p>\n<p><!-- TrustBox widget - Micro Combo --><\/p>\n<div class=\"trustpilot-widget trustbox-home-2\" data-locale=\"de-DE\" data-template-id=\"5419b6ffb0d04a076446a9af\" data-businessunit-id=\"5dbc09a4ccd7320001804dd4\" data-style-height=\"20px\" data-style-width=\"100%\" data-theme=\"light\"><a href=\"https:\/\/de.trustpilot.com\/review\/franzspitzer.de\" target=\"_blank\" rel=\"noopener\">Trustpilot<\/a><\/div>\n<p><!-- End TrustBox widget --><\/p>\n<p>[\/et_pb_text][et_pb_wc_price _builder_version=&#8220;3.0.47&#8243;][\/et_pb_wc_price][et_pb_wc_description _builder_version=&#8220;3.0.47&#8243;][\/et_pb_wc_description][et_pb_wc_add_to_cart show_quantity=&#8220;off&#8220; _builder_version=&#8220;4.9.4&#8243;][\/et_pb_wc_add_to_cart][et_pb_text _builder_version=&#8220;4.9.4&#8243; _module_preset=&#8220;default&#8220;]<\/p>\n<h2><strong>Das naturheilkundliche Komplettpaket f\u00fcr wahre und nat\u00fcrliche Gesundheit deines Hundes von Tierarzt Dr. Franz<\/strong><\/h2>\n<p><strong>3 Monate Zusammenarbeit &amp; schrittweise Umsetzung einer bew\u00e4hrten, ganzheitlichen Strategie mit w\u00f6chentlichen Video-Konferenzen live \u00fcber Zoom<\/strong>\u00a0<\/p>\n<ul>\n<li>Schritt 1: Umstellung der Ern\u00e4hrung<\/li>\n<li>Schritt 2: Umfassende Darmsanierung<\/li>\n<li>Schritt 3: Impfung und Krankheitsprophylaxe<\/li>\n<li>Schritt 4: Optimierung der N\u00e4hrstoff-Versorgung<\/li>\n<li>Schritt 5: Parasitenschutz OHNE Chemie<\/li>\n<li>Schritt 6: Ents\u00e4uerung \/\u00dcbergang zur Entgiftung<\/li>\n<\/ul>\n<p><strong>+ 3 Monate Rundum Support \u00fcber E-mail und Facebook-Gruppe<\/strong><\/p>\n<p><strong>+ Online-Mitgliederbereich<\/strong><\/p>\n<p>Du bekommst unbegrenzten Zugang zu unserem Online-Mitgliederbereich, in dem du dir alle Inhalte des Kurses anhand von Videos anschauen kannst.<\/p>\n<p>&nbsp;<\/p>\n<p>Wichtiger Hinweis:<\/p>\n<p>Laut \u00a711 Heilmittelwerbegesetz sind Heilungsversprechen grunds\u00e4tzlich unzul\u00e4ssig. Deine Teilnahme am Kurs erfolgt daher ausdr\u00fccklich OHNE eine Garantie auf Verbesserung der Gesundheit!<\/p>\n<p>Ich stimme zu und verlange ausdr\u00fccklich, dass Sie vor Ablauf der Widerrufsfrist mit der Ausf\u00fchrung des Vertrages beginnen. Mir ist bekannt, dass ich dadurch bei Downloadprodukten mit Beginn der Ausf\u00fchrung des Vertrages und bei Dienstleistungen bei vollst\u00e4ndiger Erf\u00fcllung des Vertrages mein Widerrufsrecht verliere.<\/p>\n<p>[\/et_pb_text][\/et_pb_column][\/et_pb_row][et_pb_row disabled_on=&#8220;on|on|on&#8220; _builder_version=&#8220;4.9.4&#8243; background_size=&#8220;initial&#8220; background_position=&#8220;top_left&#8220; background_repeat=&#8220;repeat&#8220; width=&#8220;100%&#8220; disabled=&#8220;on&#8220;][et_pb_column type=&#8220;4_4&#8243; _builder_version=&#8220;3.25&#8243; custom_padding=&#8220;|||&#8220; custom_padding__hover=&#8220;|||&#8220;][et_pb_wc_tabs _builder_version=&#8220;3.0.47&#8243;]\t\t\t\t\t[\/et_pb_wc_tabs][et_pb_wc_upsells _builder_version=&#8220;3.0.47&#8243;][\/et_pb_wc_upsells][et_pb_wc_related_products _builder_version=&#8220;3.0.47&#8243;][\/et_pb_wc_related_products][\/et_pb_column][\/et_pb_row][\/et_pb_section]<\/p>\n","protected":false},"excerpt":{"rendered":"<p>[et_pb_section fb_built=&#8220;1&#8243; _builder_version=&#8220;3.22&#8243; custom_padding=&#8220;0px||||false|false&#8220;][et_pb_row _builder_version=&#8220;3.25&#8243; background_size=&#8220;initial&#8220; background_position=&#8220;top_left&#8220; background_repeat=&#8220;repeat&#8220; width=&#8220;100%&#8220; custom_padding=&#8220;0px||0px||false|false&#8220;][et_pb_column type=&#8220;4_4&#8243; _builder_version=&#8220;3.25&#8243; custom_padding=&#8220;|||&#8220; custom_padding__hover=&#8220;|||&#8220;][et_pb_wc_breadcrumb _builder_version=&#8220;3.0.47&#8243;][\/et_pb_wc_breadcrumb][et_pb_wc_cart_notice _builder_version=&#8220;3.0.47&#8243;][\/et_pb_wc_cart_notice][\/et_pb_column][\/et_pb_row][et_pb_row column_structure=&#8220;2_5,3_5&#8243; _builder_version=&#8220;3.25&#8243; background_size=&#8220;initial&#8220; background_position=&#8220;top_left&#8220; background_repeat=&#8220;repeat&#8220; width=&#8220;100%&#8220; custom_padding=&#8220;0px||||false|false&#8220;][et_pb_column type=&#8220;2_5&#8243; _builder_version=&#8220;3.25&#8243; custom_padding=&#8220;|||&#8220; custom_padding__hover=&#8220;|||&#8220;][et_pb_image src=&#8220;http:\/\/franzshop.relight.agency\/wp-content\/uploads\/2021\/05\/Group-31.png&#8220; title_text=&#8220;Group 31&#8243; _builder_version=&#8220;4.9.4&#8243; _module_preset=&#8220;default&#8220;][\/et_pb_image][\/et_pb_column][et_pb_column type=&#8220;3_5&#8243; _builder_version=&#8220;3.25&#8243; custom_padding=&#8220;|||&#8220; custom_padding__hover=&#8220;|||&#8220;][et_pb_wc_title _builder_version=&#8220;3.0.47&#8243;][\/et_pb_wc_title][et_pb_wc_rating disabled_on=&#8220;on|on|on&#8220; _builder_version=&#8220;4.9.4&#8243; disabled=&#8220;on&#8220;][\/et_pb_wc_rating][et_pb_text _builder_version=&#8220;4.9.4&#8243; _module_preset=&#8220;default&#8220;] Trustpilot [\/et_pb_text][et_pb_wc_price _builder_version=&#8220;3.0.47&#8243;][\/et_pb_wc_price][et_pb_wc_description _builder_version=&#8220;3.0.47&#8243;][\/et_pb_wc_description][et_pb_wc_add_to_cart show_quantity=&#8220;off&#8220; _builder_version=&#8220;4.9.4&#8243;][\/et_pb_wc_add_to_cart][et_pb_text _builder_version=&#8220;4.9.4&#8243; _module_preset=&#8220;default&#8220;] Das naturheilkundliche Komplettpaket f\u00fcr wahre [&hellip;]<\/p>\n","protected":false},"featured_media":26,"comment_status":"open","ping_status":"closed","template":"","meta":{"_et_pb_use_builder":"on","_et_pb_old_content":"<h2><strong>Das naturheilkundliche Komplettpaket f\u00fcr wahre und nat\u00fcrliche Gesundheit deines Hundes von Tierarzt Dr. Franz<\/strong><\/h2>\r\n<strong>3 Monate Zusammenarbeit &amp; schrittweise Umsetzung einer bew\u00e4hrten, ganzheitlichen Strategie mit w\u00f6chentlichen Video-Konferenzen live \u00fcber Zoom<\/strong>\r\n<ul>\r\n \t<li>Schritt 1: Umstellung der Ern\u00e4hrung<\/li>\r\n \t<li>Schritt 2: Umfassende Darmsanierung<\/li>\r\n \t<li>Schritt 3: Impfung und Krankheitsprophylaxe<\/li>\r\n \t<li>Schritt 4: Optimierung der N\u00e4hrstoff-Versorgung<\/li>\r\n \t<li>Schritt 5: Parasitenschutz OHNE Chemie<\/li>\r\n \t<li>Schritt 6: Ents\u00e4uerung \/\u00dcbergang zur Entgiftung<\/li>\r\n<\/ul>\r\n<strong>+ 3 Monate Rundum Support \u00fcber E-mail und Facebook-Gruppe<\/strong>\r\n\r\n<strong>+ Online-Mitgliederbereich<\/strong>\r\n\r\nDu bekommst unbegrenzten Zugang zu unserem Online-Mitgliederbereich, in dem du dir alle Inhalte des Kurses anhand von Videos anschauen kannst.\r\n\r\n&nbsp;\r\n\r\nWichtiger Hinweis:\r\n\r\nLaut \u00a711 Heilmittelwerbegesetz sind Heilungsversprechen grunds\u00e4tzlich unzul\u00e4ssig. Deine Teilnahme am Kurs erfolgt daher ausdr\u00fccklich OHNE eine Garantie auf Verbesserung der Gesundheit!\r\n\r\nIch stimme zu und verlange ausdr\u00fccklich, dass Sie vor Ablauf der Widerrufsfrist mit der Ausf\u00fchrung des Vertrages beginnen. Mir ist bekannt, dass ich dadurch bei Downloadprodukten mit Beginn der Ausf\u00fchrung des Vertrages und bei Dienstleistungen bei vollst\u00e4ndiger Erf\u00fcllung des Vertrages mein Widerrufsrecht verliere.","_et_gb_content_width":""},"class_list":["post-11","product","type-product","status-publish","has-post-thumbnail","hentry","product_cat-unkategorisiert"],"_links":{"self":[{"href":"https:\/\/franzshop.relight.agency\/index.php\/wp-json\/wp\/v2\/product\/11","targetHints":{"allow":["GET"]}}],"collection":[{"href":"https:\/\/franzshop.relight.agency\/index.php\/wp-json\/wp\/v2\/product"}],"about":[{"href":"https:\/\/franzshop.relight.agency\/index.php\/wp-json\/wp\/v2\/types\/product"}],"replies":[{"embeddable":true,"href":"https:\/\/franzshop.relight.agency\/index.php\/wp-json\/wp\/v2\/comments?post=11"}],"wp:featuredmedia":[{"embeddable":true,"href":"https:\/\/franzshop.relight.agency\/index.php\/wp-json\/wp\/v2\/media\/26"}],"wp:attachment":[{"href":"https:\/\/franzshop.relight.agency\/index.php\/wp-json\/wp\/v2\/media?parent=11"}],"curies":[{"name":"wp","href":"https:\/\/api.w.org\/{rel}","templated":true}]}}